{"id":8712,"date":"2022-08-22T15:33:51","date_gmt":"2022-08-22T13:33:51","guid":{"rendered":"https:\/\/osrodekwarszawianka.pl\/?page_id=8712"},"modified":"2022-08-22T15:37:13","modified_gmt":"2022-08-22T13:37:13","slug":"formularz","status":"publish","type":"page","link":"https:\/\/osrodekwarszawianka.pl\/?page_id=8712","title":{"rendered":"FORMULARZ"},"content":{"rendered":"<p>[vc_row tlg_background_style=&#8221;bg-dark&#8221; tlg_enable_overlay=&#8221;yes&#8221; tlg_text_align=&#8221;text-center&#8221; css=&#8221;.vc_custom_1661094524676{background-image: url(https:\/\/osrodekwarszawianka.pl\/wp-content\/uploads\/2022\/08\/3.png?id=8565) !important;}&#8221; el_id=&#8221;reserve&#8221; el_class=&#8221;white-form&#8221; tlg_bg_overlay=&#8221;#444444&#8243; tlg_bg_overlay_value=&#8221;9&#8243; tlg_bg_gradient_color=&#8221;rgba(184,200,242,0.14)&#8221;][vc_column width=&#8221;1\/6&#8243;][\/vc_column][vc_column width=&#8221;2\/3&#8243;]<div class=\"headings-title  wpb_animate_when_almost_visible wpb_bottom-to-top bottom-to-top\"><div class=\"mb70 mb-xs-40 text-center\"><div  class=\"widgetsubtitle \">Zapytaj o dost\u0119pno\u015b\u0107<\/div><div class=\"divider-wrap\"><div class=\"tlg-divider \" style=\"\"><\/div><\/div><h5  class=\"widgettitle mb0\">Zaplanuj sw\u00f3j pobyt<\/h5><\/div><\/div>\n<div class=\"wpcf7 no-js\" id=\"wpcf7-f4626-o1\" lang=\"en-US\" dir=\"ltr\" data-wpcf7-id=\"4626\">\n<div class=\"screen-reader-response\"><p role=\"status\" aria-live=\"polite\" aria-atomic=\"true\"><\/p> <ul><\/ul><\/div>\n<form action=\"\/index.php?rest_route=%2Fwp%2Fv2%2Fpages%2F8712#wpcf7-f4626-o1\" method=\"post\" class=\"wpcf7-form init\" aria-label=\"Contact form\" novalidate=\"novalidate\" data-status=\"init\">\n<fieldset class=\"hidden-fields-container\"><input type=\"hidden\" name=\"_wpcf7\" value=\"4626\" \/><input type=\"hidden\" name=\"_wpcf7_version\" value=\"6.1.5\" \/><input type=\"hidden\" name=\"_wpcf7_locale\" value=\"en_US\" \/><input type=\"hidden\" name=\"_wpcf7_unit_tag\" value=\"wpcf7-f4626-o1\" \/><input type=\"hidden\" name=\"_wpcf7_container_post\" value=\"0\" \/><input type=\"hidden\" name=\"_wpcf7_posted_data_hash\" value=\"\" \/>\n<\/fieldset>\n<div class=\"overflow-hidden\">\n\t<div class=\"half-column half-column-left\">\n\t\t<p><label> zameldowanie<br \/>\n<span class=\"wpcf7-form-control-wrap\" data-name=\"checkindate\"><input class=\"wpcf7-form-control wpcf7-date wpcf7-validates-as-date\" aria-invalid=\"false\" placeholder=\"Check-in Date\" value=\"\" type=\"date\" name=\"checkindate\" \/><\/span><\/label><label> Email address<span class=\"wpcf7-form-control-wrap\" data-name=\"your-email\"><input size=\"40\" maxlength=\"400\" class=\"wpcf7-form-control wpcf7-email wpcf7-validates-as-required wpcf7-text wpcf7-validates-as-email\" aria-required=\"true\" aria-invalid=\"false\" placeholder=\"name@youremail.com\" value=\"\" type=\"email\" name=\"your-email\" \/><\/span><\/label>\n\t\t<\/p>\n\t\t<div class=\"half-column half-column-left small-select\">\n\t\t\t<p><label> doro\u015bli<br \/>\n<span class=\"wpcf7-form-control-wrap\" data-name=\"adults\"><select class=\"wpcf7-form-control wpcf7-select\" aria-invalid=\"false\" name=\"adults\"><option value=\"1\">1<\/option><option value=\"2\">2<\/option><option value=\"3\">3<\/option><option value=\"4\">4<\/option><option value=\"5\">5<\/option><option value=\"6\">6<\/option><option value=\"7\">7<\/option><option value=\"8\">8<\/option><option value=\"9\">9<\/option><option value=\"10\">10<\/option><\/select><\/span><\/label>\n\t\t\t<\/p>\n\t\t<\/div>\n\t\t<div class=\"half-column half-column-right small-select\">\n\t\t\t<p><label> dzieci<br \/>\n<span class=\"wpcf7-form-control-wrap\" data-name=\"children\"><select class=\"wpcf7-form-control wpcf7-select\" aria-invalid=\"false\" name=\"children\"><option value=\"0\">0<\/option><option value=\"1\">1<\/option><option value=\"2\">2<\/option><option value=\"3\">3<\/option><option value=\"4\">4<\/option><option value=\"5\">5<\/option><option value=\"6\">6<\/option><option value=\"7\">7<\/option><option value=\"8\">8<\/option><option value=\"9\">9<\/option><option value=\"10\">10<\/option><\/select><\/span><\/label>\n\t\t\t<\/p>\n\t\t<\/div>\n\t\t<p><label> pokoje<br \/>\n<span class=\"wpcf7-form-control-wrap\" data-name=\"rooms\"><select class=\"wpcf7-form-control wpcf7-select\" aria-invalid=\"false\" name=\"rooms\"><option value=\"2 osobowy pok\u00f3j\">2 osobowy pok\u00f3j<\/option><option value=\"3-4 osobowy pok\u00f3j\">3-4 osobowy pok\u00f3j<\/option><\/select><\/span><\/label>\n\t\t<\/p>\n\t<\/div>\n\t<div class=\"half-column half-column-right\">\n\t\t<p><label> wymeldowanie<br \/>\n<span class=\"wpcf7-form-control-wrap\" data-name=\"checkoutdate\"><input class=\"wpcf7-form-control wpcf7-date wpcf7-validates-as-date\" aria-invalid=\"false\" placeholder=\"Check-out Date\" value=\"\" type=\"date\" name=\"checkoutdate\" \/><\/span><\/label><label> wiadomo\u015b\u0107<br \/>\n<span class=\"wpcf7-form-control-wrap\" data-name=\"your-message\"><textarea cols=\"40\" rows=\"10\" maxlength=\"2000\" class=\"wpcf7-form-control wpcf7-textarea\" aria-invalid=\"false\" placeholder=\"Message\" name=\"your-message\"><\/textarea><\/span><\/label>\n\t\t<\/p>\n\t<\/div>\n<\/div>\n<p><input class=\"wpcf7-form-control wpcf7-submit has-spinner\" type=\"submit\" value=\"Zapytaj o dost\u0119pno\u015b\u0107\" \/>\n<\/p><div class=\"wpcf7-response-output\" aria-hidden=\"true\"><\/div>\n<\/form>\n<\/div>\n<div class=\"tlg-spacer  \" data-height=\"70\" data-height-tablet=\"70\" data-height-mobile=\"70\" style=\"clear:both;display:block;height:70px;\"><\/div>[vc_row_inner el_class=&#8221;text-left&#8221;][vc_column_inner width=&#8221;1\/2&#8243;][vc_column_text css_animation=&#8221;fadeInUp&#8221;]<\/p>\n<h3>Rezerwacja telefoniczna<\/h3>\n<p>Mo\u017cesz dokona\u0107 rezerwacji telefonicznej pod numerem telefonu 91 321 20 13. Recepcja czynna w godzinach 7.00 do 21.00.<\/p>\n<p>[\/vc_column_text][\/vc_column_inner][vc_column_inner width=&#8221;1\/2&#8243;][vc_column_text css_animation=&#8221;fadeInUp&#8221;]<\/p>\n<h3>Napisz do nas e-mail<\/h3>\n<p>Rezerwacje przyjmujemy tak\u017ce drog\u0105 mailow\u0105. E-mail imprezy@osrodekwarszawianka.pl. Na wiadomo\u015bci staramy si\u0119 odpowiada\u0107 na bie\u017c\u0105co w czasie pracy recepcji.[\/vc_column_text][\/vc_column_inner][\/vc_row_inner][\/vc_column][vc_column width=&#8221;1\/6&#8243;][\/vc_column][\/vc_row][vc_row tlg_background_style=&#8221;bg-primary&#8221; el_id=&#8221;contact&#8221;][vc_column width=&#8221;1\/3&#8243;]<div class=\"headings-title  wpb_animate_when_almost_visible wpb_top-to-bottom top-to-bottom\"><div class=\"mb16 mb-xs-40 text-left\"><div  class=\"widgetsubtitle mb8\">Skontaktuj si\u0119 z nami<\/div><h5  class=\"widgettitle mb0\">KONTAKT<\/h5><\/div><\/div>[vc_column_text]Godzina zameldowania: od 15.00-21.00<\/p>\n<p>Godzina wymeldowania: od 7.00-10.00[\/vc_column_text][\/vc_column][vc_column width=&#8221;1\/3&#8243;][vc_column_text]O\u015brodek Warszawianka<br \/>\nul.S\u0142owackiego 10\/20, \u015awinouj\u015bcie<\/p>\n<p><strong>telefon<\/strong>: 91 321 20 13<br \/>\n<strong>E-mail<\/strong>: imprezy@osrodekwarszawianka.pl[\/vc_column_text][\/vc_column][vc_column width=&#8221;1\/3&#8243;]<div class=\" icon_title_list-content icon-list\"><ul class=\"icon_title_list\"><li><span class=\"inline-block mb8 mr-15\"><i  class=\"ti-money circle-icon list-icon inline-block\"><\/i><\/span><span >p\u0142atno\u015b\u0107 kart\u0105<\/span><\/li><li><span class=\"inline-block mb8 mr-15\"><i  class=\"ti-wheelchair circle-icon list-icon inline-block\"><\/i><\/span><span >przystosowany dla os\u00f3b niepe\u0142nosprawnych<\/span><\/li><li><span class=\"inline-block mb8 mr-15\"><i  class=\"ti-rss-alt circle-icon list-icon inline-block\"><\/i><\/span><span >darmowe wi-fi<\/span><\/li><li><span class=\"inline-block mb8 mr-15\"><i  class=\"ti-map-alt circle-icon list-icon inline-block\"><\/i><\/span><span >restauracja w obiekcie<\/span><\/li><li><span class=\"inline-block mb8 mr-15\"><i  class=\"ti-thumb-up circle-icon list-icon inline-block\"><\/i><\/span><span >wypo\u017cyczenie roweru w cenie pobytu<\/span><\/li><\/ul><\/div>[\/vc_column][\/vc_row]<\/p>\n","protected":false},"excerpt":{"rendered":"<p>[vc_row tlg_background_style=&#8221;bg-dark&#8221; tlg_enable_overlay=&#8221;yes&#8221; tlg_text_align=&#8221;text-center&#8221; css=&#8221;.vc_custom_1661094524676{background-image: url(https:\/\/osrodekwarszawianka.pl\/wp-content\/uploads\/2022\/08\/3.png?id=8565) !important;}&#8221; el_id=&#8221;reserve&#8221; el_class=&#8221;white-form&#8221; tlg_bg_overlay=&#8221;#444444&#8243; tlg_bg_overlay_value=&#8221;9&#8243; tlg_bg_gradient_color=&#8221;rgba(184,200,242,0.14)&#8221;][vc_column width=&#8221;1\/6&#8243;][\/vc_column][vc_column width=&#8221;2\/3&#8243;][vc_row_inner el_class=&#8221;text-left&#8221;][vc_column_inner width=&#8221;1\/2&#8243;][vc_column_text css_animation=&#8221;fadeInUp&#8221;] Rezerwacja telefoniczna Mo\u017cesz dokona\u0107 rezerwacji telefonicznej pod numerem telefonu 91 321 20 13. Recepcja czynna w godzinach 7.00 do 21.00. [\/vc_column_text][\/vc_column_inner][vc_column_inner width=&#8221;1\/2&#8243;][vc_column_text css_animation=&#8221;fadeInUp&#8221;] Napisz do nas e-mail Rezerwacje przyjmujemy tak\u017ce drog\u0105 mailow\u0105. E-mail imprezy@osrodekwarszawianka.pl. Na wiadomo\u015bci staramy si\u0119&#8230;<\/p>\n","protected":false},"author":1,"featured_media":0,"parent":0,"menu_order":0,"comment_status":"closed","ping_status":"closed","template":"","meta":{"footnotes":""},"class_list":["post-8712","page","type-page","status-publish","hentry"],"yoast_head":"<!-- This site is optimized with the Yoast SEO plugin v19.5.1 - https:\/\/yoast.com\/wordpress\/plugins\/seo\/ -->\n<title>FORMULARZ - O\u015aRODEK WARSZAWIANKA<\/title>\n<meta name=\"robots\" content=\"index, follow, max-snippet:-1, max-image-preview:large, max-video-preview:-1\" \/>\n<link rel=\"canonical\" href=\"https:\/\/osrodekwarszawianka.pl\/?page_id=8712\" \/>\n<meta property=\"og:locale\" content=\"pl_PL\" \/>\n<meta property=\"og:type\" content=\"article\" \/>\n<meta property=\"og:title\" content=\"FORMULARZ - O\u015aRODEK WARSZAWIANKA\" \/>\n<meta property=\"og:description\" content=\"[vc_row tlg_background_style=&#8221;bg-dark&#8221; tlg_enable_overlay=&#8221;yes&#8221; tlg_text_align=&#8221;text-center&#8221; css=&#8221;.vc_custom_1661094524676{background-image: url(https:\/\/osrodekwarszawianka.pl\/wp-content\/uploads\/2022\/08\/3.png?id=8565) !important;}&#8221; el_id=&#8221;reserve&#8221; el_class=&#8221;white-form&#8221; tlg_bg_overlay=&#8221;#444444&#8243; tlg_bg_overlay_value=&#8221;9&#8243; tlg_bg_gradient_color=&#8221;rgba(184,200,242,0.14)&#8221;][vc_column width=&#8221;1\/6&#8243;][\/vc_column][vc_column width=&#8221;2\/3&#8243;][vc_row_inner el_class=&#8221;text-left&#8221;][vc_column_inner width=&#8221;1\/2&#8243;][vc_column_text css_animation=&#8221;fadeInUp&#8221;] Rezerwacja telefoniczna Mo\u017cesz dokona\u0107 rezerwacji telefonicznej pod numerem telefonu 91 321 20 13. Recepcja czynna w godzinach 7.00 do 21.00. [\/vc_column_text][\/vc_column_inner][vc_column_inner width=&#8221;1\/2&#8243;][vc_column_text css_animation=&#8221;fadeInUp&#8221;] Napisz do nas e-mail Rezerwacje przyjmujemy tak\u017ce drog\u0105 mailow\u0105. E-mail imprezy@osrodekwarszawianka.pl. Na wiadomo\u015bci staramy si\u0119...\" \/>\n<meta property=\"og:url\" content=\"https:\/\/osrodekwarszawianka.pl\/?page_id=8712\" \/>\n<meta property=\"og:site_name\" content=\"O\u015aRODEK WARSZAWIANKA\" \/>\n<meta property=\"article:modified_time\" content=\"2022-08-22T13:37:13+00:00\" \/>\n<meta name=\"twitter:card\" content=\"summary_large_image\" \/>\n<meta name=\"twitter:label1\" content=\"Szacowany czas czytania\" \/>\n\t<meta name=\"twitter:data1\" content=\"1 minuta\" \/>\n<script type=\"application\/ld+json\" class=\"yoast-schema-graph\">{\"@context\":\"https:\/\/schema.org\",\"@graph\":[{\"@type\":\"WebPage\",\"@id\":\"https:\/\/osrodekwarszawianka.pl\/?page_id=8712\",\"url\":\"https:\/\/osrodekwarszawianka.pl\/?page_id=8712\",\"name\":\"FORMULARZ - O\u015aRODEK WARSZAWIANKA\",\"isPartOf\":{\"@id\":\"https:\/\/osrodekwarszawianka.pl\/#website\"},\"datePublished\":\"2022-08-22T13:33:51+00:00\",\"dateModified\":\"2022-08-22T13:37:13+00:00\",\"breadcrumb\":{\"@id\":\"https:\/\/osrodekwarszawianka.pl\/?page_id=8712#breadcrumb\"},\"inLanguage\":\"pl-PL\",\"potentialAction\":[{\"@type\":\"ReadAction\",\"target\":[\"https:\/\/osrodekwarszawianka.pl\/?page_id=8712\"]}]},{\"@type\":\"BreadcrumbList\",\"@id\":\"https:\/\/osrodekwarszawianka.pl\/?page_id=8712#breadcrumb\",\"itemListElement\":[{\"@type\":\"ListItem\",\"position\":1,\"name\":\"Home\",\"item\":\"https:\/\/osrodekwarszawianka.pl\/\"},{\"@type\":\"ListItem\",\"position\":2,\"name\":\"FORMULARZ\"}]},{\"@type\":\"WebSite\",\"@id\":\"https:\/\/osrodekwarszawianka.pl\/#website\",\"url\":\"https:\/\/osrodekwarszawianka.pl\/\",\"name\":\"O\u015aRODEK WARSZAWIANKA\",\"description\":\"Spokojny odpoczynek w \u015awinouj\u015bciu.\",\"potentialAction\":[{\"@type\":\"SearchAction\",\"target\":{\"@type\":\"EntryPoint\",\"urlTemplate\":\"https:\/\/osrodekwarszawianka.pl\/?s={search_term_string}\"},\"query-input\":\"required name=search_term_string\"}],\"inLanguage\":\"pl-PL\"}]}<\/script>\n<!-- \/ Yoast SEO plugin. -->","yoast_head_json":{"title":"FORMULARZ - O\u015aRODEK WARSZAWIANKA","robots":{"index":"index","follow":"follow","max-snippet":"max-snippet:-1","max-image-preview":"max-image-preview:large","max-video-preview":"max-video-preview:-1"},"canonical":"https:\/\/osrodekwarszawianka.pl\/?page_id=8712","og_locale":"pl_PL","og_type":"article","og_title":"FORMULARZ - O\u015aRODEK WARSZAWIANKA","og_description":"[vc_row tlg_background_style=&#8221;bg-dark&#8221; tlg_enable_overlay=&#8221;yes&#8221; tlg_text_align=&#8221;text-center&#8221; css=&#8221;.vc_custom_1661094524676{background-image: url(https:\/\/osrodekwarszawianka.pl\/wp-content\/uploads\/2022\/08\/3.png?id=8565) !important;}&#8221; el_id=&#8221;reserve&#8221; el_class=&#8221;white-form&#8221; tlg_bg_overlay=&#8221;#444444&#8243; tlg_bg_overlay_value=&#8221;9&#8243; tlg_bg_gradient_color=&#8221;rgba(184,200,242,0.14)&#8221;][vc_column width=&#8221;1\/6&#8243;][\/vc_column][vc_column width=&#8221;2\/3&#8243;][vc_row_inner el_class=&#8221;text-left&#8221;][vc_column_inner width=&#8221;1\/2&#8243;][vc_column_text css_animation=&#8221;fadeInUp&#8221;] Rezerwacja telefoniczna Mo\u017cesz dokona\u0107 rezerwacji telefonicznej pod numerem telefonu 91 321 20 13. Recepcja czynna w godzinach 7.00 do 21.00. [\/vc_column_text][\/vc_column_inner][vc_column_inner width=&#8221;1\/2&#8243;][vc_column_text css_animation=&#8221;fadeInUp&#8221;] Napisz do nas e-mail Rezerwacje przyjmujemy tak\u017ce drog\u0105 mailow\u0105. E-mail imprezy@osrodekwarszawianka.pl. Na wiadomo\u015bci staramy si\u0119...","og_url":"https:\/\/osrodekwarszawianka.pl\/?page_id=8712","og_site_name":"O\u015aRODEK WARSZAWIANKA","article_modified_time":"2022-08-22T13:37:13+00:00","twitter_card":"summary_large_image","twitter_misc":{"Szacowany czas czytania":"1 minuta"},"schema":{"@context":"https:\/\/schema.org","@graph":[{"@type":"WebPage","@id":"https:\/\/osrodekwarszawianka.pl\/?page_id=8712","url":"https:\/\/osrodekwarszawianka.pl\/?page_id=8712","name":"FORMULARZ - O\u015aRODEK WARSZAWIANKA","isPartOf":{"@id":"https:\/\/osrodekwarszawianka.pl\/#website"},"datePublished":"2022-08-22T13:33:51+00:00","dateModified":"2022-08-22T13:37:13+00:00","breadcrumb":{"@id":"https:\/\/osrodekwarszawianka.pl\/?page_id=8712#breadcrumb"},"inLanguage":"pl-PL","potentialAction":[{"@type":"ReadAction","target":["https:\/\/osrodekwarszawianka.pl\/?page_id=8712"]}]},{"@type":"BreadcrumbList","@id":"https:\/\/osrodekwarszawianka.pl\/?page_id=8712#breadcrumb","itemListElement":[{"@type":"ListItem","position":1,"name":"Home","item":"https:\/\/osrodekwarszawianka.pl\/"},{"@type":"ListItem","position":2,"name":"FORMULARZ"}]},{"@type":"WebSite","@id":"https:\/\/osrodekwarszawianka.pl\/#website","url":"https:\/\/osrodekwarszawianka.pl\/","name":"O\u015aRODEK WARSZAWIANKA","description":"Spokojny odpoczynek w \u015awinouj\u015bciu.","potentialAction":[{"@type":"SearchAction","target":{"@type":"EntryPoint","urlTemplate":"https:\/\/osrodekwarszawianka.pl\/?s={search_term_string}"},"query-input":"required name=search_term_string"}],"inLanguage":"pl-PL"}]}},"_links":{"self":[{"href":"https:\/\/osrodekwarszawianka.pl\/index.php?rest_route=\/wp\/v2\/pages\/8712","targetHints":{"allow":["GET"]}}],"collection":[{"href":"https:\/\/osrodekwarszawianka.pl\/index.php?rest_route=\/wp\/v2\/pages"}],"about":[{"href":"https:\/\/osrodekwarszawianka.pl\/index.php?rest_route=\/wp\/v2\/types\/page"}],"author":[{"embeddable":true,"href":"https:\/\/osrodekwarszawianka.pl\/index.php?rest_route=\/wp\/v2\/users\/1"}],"replies":[{"embeddable":true,"href":"https:\/\/osrodekwarszawianka.pl\/index.php?rest_route=%2Fwp%2Fv2%2Fcomments&post=8712"}],"version-history":[{"count":2,"href":"https:\/\/osrodekwarszawianka.pl\/index.php?rest_route=\/wp\/v2\/pages\/8712\/revisions"}],"predecessor-version":[{"id":8714,"href":"https:\/\/osrodekwarszawianka.pl\/index.php?rest_route=\/wp\/v2\/pages\/8712\/revisions\/8714"}],"wp:attachment":[{"href":"https:\/\/osrodekwarszawianka.pl\/index.php?rest_route=%2Fwp%2Fv2%2Fmedia&parent=8712"}],"curies":[{"name":"wp","href":"https:\/\/api.w.org\/{rel}","templated":true}]}}